{"id":1205,"date":"2025-09-22T11:03:56","date_gmt":"2025-09-22T11:03:56","guid":{"rendered":"http:\/\/customerlaunchpad.eu\/?page_id=1205"},"modified":"2025-12-30T11:33:15","modified_gmt":"2025-12-30T10:33:15","slug":"home","status":"publish","type":"page","link":"https:\/\/customerlaunchpad.eu\/fr\/","title":{"rendered":"Home"},"content":{"rendered":"<div class=\"wp-block-uagb-container uagb-layout-flex uagb-block-2c41d92f alignfull uagb-is-root-container\"><div class=\"uagb-container-inner-blocks-wrap\"><\/div><\/div>\n\n\n\n<div class=\"wp-block-uagb-container uagb-layout-flex uagb-block-9719c2f7 alignfull uagb-is-root-container\"><div class=\"uagb-container-inner-blocks-wrap\">\n<div class=\"wp-block-uagb-container uag-blocks-common-selector uagb-layout-flex uagb-block-bd571728\">\n<div class=\"wp-block-uagb-info-box uagb-block-99c0cc65 uagb-infobox__content-wrap  uagb-infobox-icon-above-title uagb-infobox-image-valign-top wp-block-uagb-info-box--has-margin\"><div class=\"uagb-infobox-margin-wrapper\"><div class=\"uagb-ifb-content\"><div class=\"uagb-ifb-title-wrap\"><p class=\"uagb-ifb-title-prefix\">customer launchpaD<\/p><h1 class=\"uagb-ifb-title\">Transformez votre post-sales en moteur de croissance<br><\/h1><\/div><p class=\"uagb-ifb-desc\">Customer Launchpad, fond\u00e9 et dirig\u00e9 par Gordon Langmann, accompagne les scale-ups SaaS et Tech en Europe\u2014notamment celles soutenues par des fonds de PE et VC\u2014dans la transformation de leurs \u00e9quipes post-sales.\nNotre mission : faire \u00e9voluer des \u00e9quipes support r\u00e9actives en v\u00e9ritables moteurs de croissance strat\u00e9gique.\nFort de plus de 20 ans d'exp\u00e9rience internationale, dont 15 ann\u00e9es \u00e0 piloter des transformations Customer Success \u00e0 travers l'Europe, nous intervenons en management de transition et conseil sp\u00e9cialis\u00e9 pour g\u00e9n\u00e9rer des r\u00e9sultats mesurables. <strong>.<\/strong>.<\/p><\/div><\/div><\/div>\n\n\n\n<div class=\"wp-block-uagb-container uagb-layout-grid uagb-block-9b18b588\">\n<div class=\"wp-block-uagb-buttons uagb-buttons__outer-wrap uagb-btn__default-btn uagb-btn-tablet__default-btn uagb-btn-mobile__default-btn uagb-block-73ec1694\"><div class=\"uagb-buttons__wrap uagb-buttons-layout-wrap\">\n<div class=\"wp-block-uagb-buttons-child uagb-buttons__outer-wrap uagb-block-5a90c110 wp-block-button\"><div class=\"uagb-button__wrapper\"><a class=\"uagb-buttons-repeater wp-block-button__link\" aria-label=\"\" href=\"\/fr\/contact\/\" rel=\"follow noopener\" target=\"_self\" role=\"button\"><div class=\"uagb-button__link\">Get Started<\/div><\/a><\/div><\/div>\n<\/div><\/div>\n\n\n\n<div class=\"wp-block-uagb-advanced-heading uagb-block-61093b72\"><\/div>\n<\/div>\n<\/div>\n\n\n\n<div class=\"wp-block-uagb-container uag-blocks-common-selector uagb-layout-flex uagb-block-e3f00284\">\n<div class=\"wp-block-uagb-info-box uagb-block-e777c7e3 uagb-infobox__content-wrap  uagb-infobox-icon-above-title uagb-infobox-image-valign-top\"><div class=\"uagb-ifb-content\"><div class=\"uagb-ifb-icon-wrap\"><svg xmlns=\"https:\/\/www.w3.org\/2000\/svg\" viewbox=\"0 0 512 512\"><path d=\"M64 400C64 408.8 71.16 416 80 416H480C497.7 416 512 430.3 512 448C512 465.7 497.7 480 480 480H80C35.82 480 0 444.2 0 400V64C0 46.33 14.33 32 32 32C49.67 32 64 46.33 64 64V400zM342.6 278.6C330.1 291.1 309.9 291.1 297.4 278.6L240 221.3L150.6 310.6C138.1 323.1 117.9 323.1 105.4 310.6C92.88 298.1 92.88 277.9 105.4 265.4L217.4 153.4C229.9 140.9 250.1 140.9 262.6 153.4L320 210.7L425.4 105.4C437.9 92.88 458.1 92.88 470.6 105.4C483.1 117.9 483.1 138.1 470.6 150.6L342.6 278.6z\"><\/path><\/svg><\/div><div class=\"uagb-ifb-title-wrap\"><p class=\"uagb-ifb-title\">R\u00e9sultats cl\u00e9s obtenus :<\/p><\/div><p class=\"uagb-ifb-desc\">- 120%+ de Net Revenue Retention<br>- 30% de r\u00e9duction du churn <br>-  50% d'acc\u00e9l\u00e9ration de l'onboarding client<br>- 40% d'am\u00e9lioration de l'efficacit\u00e9 via IA et automatisation<br>- +20 points NPS (de 25 \u00e0 45)<br>- Gestion de portefeuilles de 20 \u00e0 80M\u20ac ARR <br>- Transformation de 8 000+ clients B2B<br>- Optimisation d'\u00e9quipes de 5 \u00e0 120 ETP<br><\/p><\/div><\/div>\n<\/div>\n<\/div><\/div>\n\n\n\n<div class=\"wp-block-uagb-container uagb-block-06cbc15f default uagb-is-root-container\">\n<div class=\"wp-block-uagb-container uagb-block-717572af\">\n<div class=\"wp-block-uagb-container uagb-block-aa65f6d9 alignfull uagb-is-root-container\">\n<div class=\"wp-block-uagb-container uagb-block-d2b6dd80\"><\/div>\n<\/div>\n<\/div>\n<\/div>\n\n\n\n<div class=\"wp-block-uagb-container uagb-block-dfc0a7c1 alignfull uagb-is-root-container\"><div class=\"uagb-container-inner-blocks-wrap\">\n<div class=\"wp-block-uagb-advanced-heading uagb-block-cdb91b2d\"><p class=\"uagb-desc-text\">Notre Expertise<\/p><h2 class=\"uagb-heading-text\">Services complets pour Customer Success et Exp\u00e9rience Client<\/h2><\/div>\n\n\n\n<div class=\"wp-block-uagb-container uagb-layout-grid uagb-block-2209b47a\">\n<div class=\"wp-block-uagb-container uagb-layout-flex uagb-block-5af5739b\">\n<div class=\"wp-block-uagb-info-box uagb-block-9c0c776a uagb-infobox__content-wrap  uagb-infobox-icon-above-title uagb-infobox-image-valign-top wp-block-uagb-info-box--has-margin\"><div class=\"uagb-infobox-margin-wrapper\"><div class=\"uagb-ifb-content\"><div class=\"uagb-ifb-title-wrap\"><h3 class=\"uagb-ifb-title-prefix\">01<\/h3><h4 class=\"uagb-ifb-title\"><span style=\"font-weight: bold;\">Interim Chief Customer Officer \/ Directeur G\u00e9n\u00e9ral Customer<\/span><br><br><span style=\"font-weight: normal;\">Revue compl\u00e8te et restructuration de l'organisation post-sales. Leadership ex\u00e9cutif \u00e0 temps plein, d\u00e9veloppement strat\u00e9gique, construction d'\u00e9quipes, impl\u00e9mentation IA, int\u00e9gration cross-fonctionnelle.<br><br>R\u00e9sultats types : 120%+ NRR, 30-50% de gains d'efficacit\u00e9 support<\/span><\/h4><\/div><\/div><\/div><\/div>\n<\/div>\n\n\n\n<div class=\"wp-block-uagb-container uagb-layout-flex uagb-block-4a20dedf\">\n<div class=\"wp-block-uagb-info-box uagb-block-15abe719 uagb-infobox__content-wrap  uagb-infobox-icon-above-title uagb-infobox-image-valign-top\"><div class=\"uagb-ifb-content\"><div class=\"uagb-ifb-title-wrap\"><h3 class=\"uagb-ifb-title-prefix\">02<\/h3><h4 class=\"uagb-ifb-title\"><span style=\"font-weight: bold;\">Interim Head of Customer Success:<\/span><br><br><span style=\"font-weight: normal;\">Build a data-driven proactive customer success function from ground up or evolve existing team. Rapid implementation of processes, technology and team training with sustainable handoff.<br><br>Typical results: CS function operational in 90 days, clear revenue accountability<\/span><\/h4><\/div><\/div><\/div>\n<\/div>\n\n\n\n<div class=\"wp-block-uagb-container uagb-layout-flex uagb-block-3035335f\">\n<div class=\"wp-block-uagb-info-box uagb-block-84bc40f8 uagb-infobox__content-wrap  uagb-infobox-icon-above-title uagb-infobox-image-valign-top\"><div class=\"uagb-ifb-content\"><div class=\"uagb-ifb-title-wrap\"><h3 class=\"uagb-ifb-title-prefix\">03<\/h3><h4 class=\"uagb-ifb-title\"><span style=\"font-weight: bold;\">Fractional Head of CS\/Operations:<\/span><br><br><span style=\"font-weight: normal;\">Ongoing Head of Customer Success, Head of Operations, Professional Services support (2-3 days a week). Perfect for continuous optimization and scaling guidance.<br><br>Typical results: Sustained growth, leadership enablement, operational excellence and profitability improvements<\/span><\/h4><\/div><\/div><\/div>\n<\/div>\n\n\n\n<div class=\"wp-block-uagb-container uagb-layout-flex uagb-block-fc40851b\">\n<div class=\"wp-block-uagb-info-box uagb-block-6668b4e3 uagb-infobox__content-wrap  uagb-infobox-icon-above-title uagb-infobox-image-valign-top\"><div class=\"uagb-ifb-content\"><div class=\"uagb-ifb-title-wrap\"><h3 class=\"uagb-ifb-title-prefix\">04<\/h3><h4 class=\"uagb-ifb-title\">Spot Consultancy \/ Sparring Partner<br><br><span style=\"font-weight: normal;\">Come in to address particular challenges in the customer journey and\/or act as a sparring partner to your customer leader.<\/span><br><span style=\"font-weight: normal;\"><br>Typical results: Improved processes, alignment, playbooks, organization and team capabilities. Key customer relations stabilized.<\/span><\/h4><\/div><\/div><\/div>\n<\/div>\n<\/div>\n\n\n\n<div class=\"wp-block-uagb-buttons uagb-buttons__outer-wrap uagb-btn__default-btn uagb-btn-tablet__default-btn uagb-btn-mobile__default-btn uagb-block-37a400b6\"><div class=\"uagb-buttons__wrap uagb-buttons-layout-wrap\">\n<div class=\"wp-block-uagb-buttons-child uagb-buttons__outer-wrap uagb-block-67ebb824 wp-block-button\"><div class=\"uagb-button__wrapper\"><a class=\"uagb-buttons-repeater ast-outline-button\" aria-label=\"\" style=\"border-width:revert-layer\" href=\"\/fr\/services\/\" rel=\"follow noopener\" target=\"_self\" role=\"button\"><div class=\"uagb-button__link\">View All Services<\/div><\/a><\/div><\/div>\n<\/div><\/div>\n<\/div><\/div>\n\n\n\n<div class=\"wp-block-uagb-container uagb-layout-grid uagb-block-63158225 alignfull uagb-is-root-container\"><div class=\"uagb-container-inner-blocks-wrap\">\n<div class=\"wp-block-uagb-container uagb-block-01ea4962\">\n<div class=\"wp-block-uagb-advanced-heading uagb-block-c024826e\"><p class=\"uagb-desc-text\">Who We Are<\/p><h2 class=\"uagb-heading-text\">Empowering Customer Success Across Europe<\/h2><\/div>\n\n\n\n<div class=\"wp-block-uagb-info-box uagb-block-c08670d6 uagb-infobox__content-wrap  uagb-infobox-icon-left uagb-infobox-left uagb-infobox-image-valign-top\"><div class=\"uagb-ifb-image-content\"><img decoding=\"async\" src=\"http:\/\/customerlaunchpad.eu\/wp-content\/uploads\/2025\/09\/Gordon-Headshots-0002-web-1-150x150.jpg\" alt=\"gordon headshots 0002 web\" width=\"64\" height=\"64\" loading=\"lazy\" title=\"Home\"><\/div><div class=\"uagb-ifb-content\"><div class=\"uagb-ifb-title-wrap\"><p class=\"uagb-ifb-title\">Gordon Langmann, Founder &amp; CEO<\/p><\/div><p class=\"uagb-ifb-desc\">Consultant and Interim Leader<\/p><\/div><\/div>\n<\/div>\n\n\n\n<div class=\"wp-block-uagb-info-box uagb-block-977441ed uagb-infobox__content-wrap  uagb-infobox-icon-above-title uagb-infobox-image-valign-top\"><div class=\"uagb-ifb-content\"><div class=\"uagb-ifb-title-wrap\"><p class=\"uagb-ifb-title\">CUSTOMERLAUNCHPAD.EU<\/p><\/div><p class=\"uagb-ifb-desc\">Customer Launchpad, founded and led by Gordon Langmann, provides specialized interim management and fractional executive services for companies ready to transform their customer-facing operations. We work embedded within your organization to drive strategic change, whether you need a complete after-sales overhaul or targeted improvements to specific customer journey elements.<\/p><div class=\"uagb-ifb-button-wrapper wp-block-button\"><a href=\"\/fr\/about\/\" class=\"uagb-infobox-cta-link ast-outline-button\" target=\"_self\" rel=\"noopener noreferrer\" style=\"border-width:revert-layer\" onclick=\"return true;\"><span class=\"uagb-inline-editing\">Read More<\/span><\/a><\/div><\/div><\/div>\n<\/div><\/div>\n\n\n\n<div class=\"wp-block-uagb-container uagb-layout-grid uagb-block-ae60e2c0 alignfull uagb-is-root-container\"><div class=\"uagb-container-inner-blocks-wrap\">\n<div class=\"wp-block-uagb-container uagb-layout-grid uagb-block-60a570c3\">\n<div class=\"wp-block-uagb-container uagb-layout-flex uagb-block-82899b45\">\n<div class=\"wp-block-uagb-counter uagb-block-41add861 wp-block-uagb-counter--number\"><div class=\"wp-block-uagb-counter__number\"><span class=\"uagb-counter-block-prefix\">+<\/span><span class=\"uagb-counter-block-number\" data-duration=\"1.5\" data-to-value=\"120\" data-from-value=\"0\" data-delimiter=\",\"><\/span><span class=\"uagb-counter-block-suffix\">%<\/span><\/div><div class=\"wp-block-uagb-counter__title\">Net Revenue Retention<\/div><\/div>\n<\/div>\n\n\n\n<div class=\"wp-block-uagb-container uagb-layout-flex uagb-block-c372f989\">\n<div class=\"wp-block-uagb-counter uagb-block-0cd43167 wp-block-uagb-counter--number\"><div class=\"wp-block-uagb-counter__number\"><span class=\"uagb-counter-block-prefix\">+<\/span><span class=\"uagb-counter-block-number\" data-duration=\"1.5\" data-to-value=\"30\" data-from-value=\"1\" data-delimiter=\",\"><\/span><span class=\"uagb-counter-block-suffix\">%<\/span><\/div><div class=\"wp-block-uagb-counter__title\">Churn Reduction<\/div><\/div>\n<\/div>\n\n\n\n<div class=\"wp-block-uagb-container uagb-layout-flex uagb-block-7c1a5854\">\n<div class=\"wp-block-uagb-counter uagb-block-fb3b9538 wp-block-uagb-counter--number\"><div class=\"wp-block-uagb-counter__number\"><span class=\"uagb-counter-block-number\" data-duration=\"1.5\" data-to-value=\"8000\" data-from-value=\"1\" data-delimiter=\",\"><\/span><\/div><div class=\"wp-block-uagb-counter__title\">B2B Clients<\/div><\/div>\n<\/div>\n\n\n\n<div class=\"wp-block-uagb-container uagb-layout-flex uagb-block-bf76e4a3\">\n<div class=\"wp-block-uagb-counter uagb-block-d84a0d66 wp-block-uagb-counter--number\"><div class=\"wp-block-uagb-counter__number\"><span class=\"uagb-counter-block-prefix\">\u20ac<\/span><span class=\"uagb-counter-block-number\" data-duration=\"1.5\" data-to-value=\"80\" data-from-value=\"10\" data-delimiter=\",\"><\/span><span class=\"uagb-counter-block-suffix\">M<\/span><\/div><div class=\"wp-block-uagb-counter__title\">ARR Managed<\/div><\/div>\n<\/div>\n<\/div>\n\n\n\n<div class=\"wp-block-uagb-image uagb-block-d98e7019 wp-block-uagb-image--layout-default wp-block-uagb-image--effect-static wp-block-uagb-image--align-none\"><figure class=\"wp-block-uagb-image__figure\"><img decoding=\"async\" srcset=\"https:\/\/customerlaunchpad.eu\/wp-content\/uploads\/2025\/09\/pexels-photo-7651734-1024x768.jpeg ,https:\/\/customerlaunchpad.eu\/wp-content\/uploads\/2025\/09\/pexels-photo-7651734.jpeg 780w, https:\/\/customerlaunchpad.eu\/wp-content\/uploads\/2025\/09\/pexels-photo-7651734.jpeg 360w\" sizes=\"auto, (max-width: 480px) 150px\" src=\"https:\/\/customerlaunchpad.eu\/wp-content\/uploads\/2025\/09\/pexels-photo-7651734-1024x768.jpeg\" alt=\"A group engaged in a business meeting analyzing charts on laptops and papers.\" class=\"uag-image-17\" width=\"640\" height=\"500\" title=\"pexels photo 7651734\" loading=\"lazy\" role=\"img\"\/><\/figure><\/div>\n<\/div><\/div>\n\n\n\n<div class=\"wp-block-uagb-container uag-blocks-common-selector uagb-layout-grid uagb-block-1b6f8c6f default uagb-is-root-container\">\n<div class=\"wp-block-uagb-advanced-heading uagb-block-8dfeff4e\"><p class=\"uagb-desc-text\">Ready to Elevate?<\/p><h2 class=\"uagb-heading-text\">Let Us Transform Your Customer Success Strategy Today!<\/h2><\/div>\n\n\n\n<div class=\"wp-block-uagb-buttons uagb-buttons__outer-wrap uagb-btn__default-btn uagb-btn-tablet__default-btn uagb-btn-mobile__default-btn uagb-block-313c0bd8\"><div class=\"uagb-buttons__wrap uagb-buttons-layout-wrap\">\n<div class=\"wp-block-uagb-buttons-child uagb-buttons__outer-wrap uagb-block-2017d80b wp-block-button\"><div class=\"uagb-button__wrapper\"><a class=\"uagb-buttons-repeater wp-block-button__link\" aria-label=\"\" href=\"\/fr\/contact\/\" rel=\"follow noopener\" target=\"_self\" role=\"button\"><div class=\"uagb-button__link\">Get Started<\/div><\/a><\/div><\/div>\n<\/div><\/div>\n<\/div>\n\n\n\n<div class=\"wp-block-uagb-container uagb-layout-grid uagb-block-73acdeae alignfull uagb-is-root-container\"><div class=\"uagb-container-inner-blocks-wrap\">\n<div class=\"wp-block-uagb-image uagb-block-6a287826 wp-block-uagb-image--layout-default wp-block-uagb-image--effect-static wp-block-uagb-image--align-none uag-blocks-common-selector\" style=\"--z-index-desktop:1;;--z-index-tablet:1;;--z-index-mobile:undefined;\"><figure class=\"wp-block-uagb-image__figure\"><img decoding=\"async\" srcset=\"https:\/\/customerlaunchpad.eu\/wp-content\/uploads\/2025\/09\/pexels-photo-3777572-3777572-1024x683.jpg ,https:\/\/customerlaunchpad.eu\/wp-content\/uploads\/2025\/09\/pexels-photo-3777572-3777572-scaled.jpg 780w, https:\/\/customerlaunchpad.eu\/wp-content\/uploads\/2025\/09\/pexels-photo-3777572-3777572-scaled.jpg 360w\" sizes=\"auto, (max-width: 480px) 150px\" src=\"https:\/\/customerlaunchpad.eu\/wp-content\/uploads\/2025\/09\/pexels-photo-3777572-3777572-1024x683.jpg\" alt=\"Businessman in suit showing frustration at outdoor table with laptop and coffee.\" class=\"uag-image-1375\" width=\"640\" height=\"600\" title=\"pexels photo 3777572 3777572\" loading=\"lazy\" role=\"img\"\/><\/figure><\/div>\n\n\n\n<div class=\"wp-block-uagb-container uagb-layout-flex uagb-block-d5a37a3c\">\n<div class=\"wp-block-uagb-advanced-heading uagb-block-e628f79a\"><p class=\"uagb-desc-text\">What are we solving?<\/p><h2 class=\"uagb-heading-text\">The challenge with Customer Success and Post-Sales<\/h2><\/div>\n\n\n\n<div class=\"wp-block-uagb-container uagb-layout-grid uagb-block-887644be\">\n<div class=\"wp-block-uagb-info-box uagb-block-32de362c uagb-infobox__content-wrap  uagb-infobox-icon-above-title uagb-infobox-image-valign-top\"><div class=\"uagb-ifb-content\"><div class=\"uagb-ifb-icon-wrap\"><svg xmlns=\"https:\/\/www.w3.org\/2000\/svg\" viewbox=\"0 0 448 512\"><path d=\"M448 80V128C448 172.2 347.7 208 224 208C100.3 208 0 172.2 0 128V80C0 35.82 100.3 0 224 0C347.7 0 448 35.82 448 80zM393.2 214.7C413.1 207.3 433.1 197.8 448 186.1V288C448 332.2 347.7 368 224 368C100.3 368 0 332.2 0 288V186.1C14.93 197.8 34.02 207.3 54.85 214.7C99.66 230.7 159.5 240 224 240C288.5 240 348.3 230.7 393.2 214.7V214.7zM54.85 374.7C99.66 390.7 159.5 400 224 400C288.5 400 348.3 390.7 393.2 374.7C413.1 367.3 433.1 357.8 448 346.1V432C448 476.2 347.7 512 224 512C100.3 512 0 476.2 0 432V346.1C14.93 357.8 34.02 367.3 54.85 374.7z\"><\/path><\/svg><\/div><div class=\"uagb-ifb-title-wrap\"><h3 class=\"uagb-ifb-title\">Blind Spots in Customer Intelligence<\/h3><\/div><p class=\"uagb-ifb-desc\">Fragmented data across disconnected systems means no unified view of customer health. <br><br>Support, sales, and product touchpoints exist in isolation. When customers churn, teams are shocked: &#8220;But they seemed happy!&#8221;<\/p><\/div><\/div>\n\n\n\n<div class=\"wp-block-uagb-info-box uagb-block-f6930cff uagb-infobox__content-wrap  uagb-infobox-icon-above-title uagb-infobox-image-valign-top\"><div class=\"uagb-ifb-content\"><div class=\"uagb-ifb-icon-wrap\"><svg xmlns=\"https:\/\/www.w3.org\/2000\/svg\" viewbox=\"0 0 512 512\"><path d=\"M256 32C112.9 32 4.563 151.1 0 288v104C0 405.3 10.75 416 23.1 416S48 405.3 48 392V288c0-114.7 93.34-207.8 208-207.8C370.7 80.2 464 173.3 464 288v104C464 405.3 474.7 416 488 416S512 405.3 512 392V287.1C507.4 151.1 399.1 32 256 32zM160 288L144 288c-35.34 0-64 28.7-64 64.13v63.75C80 451.3 108.7 480 144 480L160 480c17.66 0 32-14.34 32-32.05v-127.9C192 302.3 177.7 288 160 288zM368 288L352 288c-17.66 0-32 14.32-32 32.04v127.9c0 17.7 14.34 32.05 32 32.05L368 480c35.34 0 64-28.7 64-64.13v-63.75C432 316.7 403.3 288 368 288z\"><\/path><\/svg><\/div><div class=\"uagb-ifb-title-wrap\"><h3 class=\"uagb-ifb-title\">Critical Support Mislabeled as Customer Success<\/h3><\/div><p class=\"uagb-ifb-desc\">Many companies rename their essential support function &#8220;Customer Success&#8221; without understanding the distinction. Support is reactive and vital for satisfaction; CS is proactive, strategic, and commercially accountable with analytical CSMs driving growth outcomes.<br><\/p><\/div><\/div>\n\n\n\n<div class=\"wp-block-uagb-info-box uagb-block-678c2a9e uagb-infobox__content-wrap  uagb-infobox-icon-above-title uagb-infobox-image-valign-top\"><div class=\"uagb-ifb-content\"><div class=\"uagb-ifb-icon-wrap\"><svg xmlns=\"https:\/\/www.w3.org\/2000\/svg\" viewbox=\"0 0 384 512\"><path d=\"M290.7 311L95 269.7 86.8 309l195.7 41zm51-87L188.2 95.7l-25.5 30.8 153.5 128.3zm-31.2 39.7L129.2 179l-16.7 36.5L293.7 300zM262 32l-32 24 119.3 160.3 32-24zm20.5 328h-200v39.7h200zm39.7 80H42.7V320h-40v160h359.5V320h-40z\"><\/path><\/svg><\/div><div class=\"uagb-ifb-title-wrap\"><h3 class=\"uagb-ifb-title\">Overloaded Teams Without Strategy<\/h3><\/div><p class=\"uagb-ifb-desc\">CSMs juggle everything from SMB to Enterprise accounts with no clear playbooks, KPIs, or technology optimization. The &#8220;do-it-all&#8221; approach leads to burnout and mediocre outcomes across the board.<br><\/p><\/div><\/div>\n\n\n\n<div class=\"wp-block-uagb-info-box uagb-block-08ec4696 uagb-infobox__content-wrap  uagb-infobox-icon-above-title uagb-infobox-image-valign-top\"><div class=\"uagb-ifb-content\"><div class=\"uagb-ifb-icon-wrap\"><svg xmlns=\"https:\/\/www.w3.org\/2000\/svg\" viewbox=\"0 0 640 512\"><path d=\"M358.6 195.6l145.6 118.1c12.12 9.992 19.5 23.49 22.12 37.98h81.62c17.6 0 31.1-14.39 31.1-31.99V159.1c0-17.67-14.33-31.99-31.1-31.99h-95.1c-40.98-40.96-96.56-63.98-154.5-63.98h-8.613c-7.1 0-15.63 3.002-21.63 8.373l-93.44 85.57L208.3 137.9L289.1 64.01L282.5 64c-43.48 0-85.19 13.66-120.8 37.44l-122.9-96.33C34.41 1.672 29.19 0 24.03 0c-7.125 0-14.19 3.156-18.91 9.187c-8.187 10.44-6.375 25.53 4.062 33.7L601.2 506.9c10.5 8.203 25.56 6.328 33.69-4.078c8.187-10.44 6.375-25.53-4.062-33.7l-135.5-106.2c-.1719-9.086-3.789-18.03-11.39-24.2l-149.2-121.2l-11.47 10.51L297.6 207.1l65.51-59.85c6.5-5.871 16.62-5.496 22.62 .1c5.1 6.496 5.5 16.62-.1 22.62L358.6 195.6zM32 127.1c-17.6 0-31.1 14.4-31.1 31.99v159.8c0 17.59 14.4 32.06 31.1 32.06l114.2-.0712l90.5 81.85c27.5 22.37 67.75 18.12 89.1-9.25l18.12 15.25c15.87 12.1 39.37 10.5 52.37-5.371l13.02-16.03L39.93 127.1L32 127.1z\"><\/path><\/svg><\/div><div class=\"uagb-ifb-title-wrap\"><h3 class=\"uagb-ifb-title\">Departmental Silos Block Customer Experience<\/h3><\/div><p class=\"uagb-ifb-desc\">Sales, onboarding, professional services, support, product, and CS operate as separate kingdoms. Unclear handovers, conflicting goals, and no shared revenue accountability create a fractured customer journey.<\/p><\/div><\/div>\n<\/div>\n<\/div>\n<\/div><\/div>\n\n\n\n<div class=\"wp-block-uagb-container uagb-layout-flex uagb-block-05314e7e alignfull uagb-is-root-container\"><div class=\"uagb-container-inner-blocks-wrap\">\n<div class=\"wp-block-uagb-info-box uagb-block-8ce7620c uagb-infobox__content-wrap  uagb-infobox-icon-above-title uagb-infobox-image-valign-top wp-block-uagb-info-box--has-margin\"><div class=\"uagb-infobox-margin-wrapper\"><div class=\"uagb-ifb-content\"><div class=\"uagb-ifb-title-wrap\"><p class=\"uagb-ifb-title-prefix\">Join Us Today<\/p><h1 class=\"uagb-ifb-title\">Transform Your Customer Success Journey with Us! <\/h1><\/div><p class=\"uagb-ifb-desc\">Whether you need to optimize Customer Success, Professional Services, Support Operations, or create a unified customer experience across teams, we have the expertise to transform your customer operations.<\/p><div class=\"uagb-ifb-button-wrapper wp-block-button\"><a href=\"\/fr\/contact\/\" class=\"uagb-infobox-cta-link wp-block-button__link\" target=\"_self\" rel=\"noopener noreferrer\" onclick=\"return true;\"><span class=\"uagb-inline-editing\">Get Started<\/span><\/a><\/div><\/div><\/div><\/div>\n<\/div><\/div>","protected":false},"excerpt":{"rendered":"<p>Our Expertise Comprehensive Services for Customer Success &amp; Customer Experience Who We Are Empowering Customer Success Across Europe Ready to [&hellip;]<\/p>","protected":false},"author":1,"featured_media":0,"parent":0,"menu_order":0,"comment_status":"closed","ping_status":"closed","template":"","meta":{"_uag_custom_page_level_css":"","site-sidebar-layout":"default","site-content-layout":"","ast-site-content-layout":"default","site-content-style":"default","site-sidebar-style":"default","ast-global-header-display":"","ast-banner-title-visibility":"","ast-main-header-display":"","ast-hfb-above-header-display":"","ast-hfb-below-header-display":"","ast-hfb-mobile-header-display":"","site-post-title":"disabled","ast-breadcrumbs-content":"","ast-featured-img":"","footer-sml-layout":"","ast-disable-related-posts":"","theme-transparent-header-meta":"","adv-header-id-meta":"","stick-header-meta":"","header-above-stick-meta":"","header-main-stick-meta":"","header-below-stick-meta":"","astra-migrate-meta-layouts":"default","ast-page-background-enabled":"default","ast-page-background-meta":{"desktop":{"background-color":"var(--ast-global-color-4)","background-image":"","background-repeat":"repeat","background-position":"center center","background-size":"auto","background-attachment":"scroll","background-type":"","background-media":"","overlay-type":"","overlay-color":"","overlay-opacity":"","overlay-gradient":""},"tablet":{"background-color":"","background-image":"","background-repeat":"repeat","background-position":"center center","background-size":"auto","background-attachment":"scroll","background-type":"","background-media":"","overlay-type":"","overlay-color":"","overlay-opacity":"","overlay-gradient":""},"mobile":{"background-color":"","background-image":"","background-repeat":"repeat","background-position":"center center","background-size":"auto","background-attachment":"scroll","background-type":"","background-media":"","overlay-type":"","overlay-color":"","overlay-opacity":"","overlay-gradient":""}},"ast-content-background-meta":{"desktop":{"background-color":"var(--ast-global-color-5)","background-image":"","background-repeat":"repeat","background-position":"center center","background-size":"auto","background-attachment":"scroll","background-type":"","background-media":"","overlay-type":"","overlay-color":"","overlay-opacity":"","overlay-gradient":""},"tablet":{"background-color":"var(--ast-global-color-5)","background-image":"","background-repeat":"repeat","background-position":"center center","background-size":"auto","background-attachment":"scroll","background-type":"","background-media":"","overlay-type":"","overlay-color":"","overlay-opacity":"","overlay-gradient":""},"mobile":{"background-color":"var(--ast-global-color-5)","background-image":"","background-repeat":"repeat","background-position":"center center","background-size":"auto","background-attachment":"scroll","background-type":"","background-media":"","overlay-type":"","overlay-color":"","overlay-opacity":"","overlay-gradient":""}},"footnotes":""},"class_list":["post-1205","page","type-page","status-publish","hentry"],"uagb_featured_image_src":{"full":false,"thumbnail":false,"medium":false,"medium_large":false,"large":false,"1536x1536":false,"2048x2048":false,"trp-custom-language-flag":false},"uagb_author_info":{"display_name":"Gordon Langmann","author_link":"https:\/\/customerlaunchpad.eu\/fr\/author\/admin3817\/"},"uagb_comment_info":0,"uagb_excerpt":"Our Expertise Comprehensive Services for Customer Success &amp; Customer Experience Who We Are Empowering Customer Success Across Europe Ready to [&hellip;]","_links":{"self":[{"href":"https:\/\/customerlaunchpad.eu\/fr\/wp-json\/wp\/v2\/pages\/1205","targetHints":{"allow":["GET"]}}],"collection":[{"href":"https:\/\/customerlaunchpad.eu\/fr\/wp-json\/wp\/v2\/pages"}],"about":[{"href":"https:\/\/customerlaunchpad.eu\/fr\/wp-json\/wp\/v2\/types\/page"}],"author":[{"embeddable":true,"href":"https:\/\/customerlaunchpad.eu\/fr\/wp-json\/wp\/v2\/users\/1"}],"replies":[{"embeddable":true,"href":"https:\/\/customerlaunchpad.eu\/fr\/wp-json\/wp\/v2\/comments?post=1205"}],"version-history":[{"count":60,"href":"https:\/\/customerlaunchpad.eu\/fr\/wp-json\/wp\/v2\/pages\/1205\/revisions"}],"predecessor-version":[{"id":1581,"href":"https:\/\/customerlaunchpad.eu\/fr\/wp-json\/wp\/v2\/pages\/1205\/revisions\/1581"}],"wp:attachment":[{"href":"https:\/\/customerlaunchpad.eu\/fr\/wp-json\/wp\/v2\/media?parent=1205"}],"curies":[{"name":"wp","href":"https:\/\/api.w.org\/{rel}","templated":true}]}}